{"id":157,"date":"2015-03-20T13:20:05","date_gmt":"2015-03-20T12:20:05","guid":{"rendered":"http:\/\/www.fizjolek.pl\/?page_id=157"},"modified":"2015-05-21T22:01:57","modified_gmt":"2015-05-21T20:01:57","slug":"badania","status":"publish","type":"page","link":"http:\/\/www.fizjolek.pl\/?page_id=157","title":{"rendered":"Bezp\u0142atne badania dzieci oraz doros\u0142ych"},"content":{"rendered":"<p>Bezp\u0142atne badania dla dzieci i doros\u0142ych wykonywane przez specjalist\u0119 fizjoterapii. Prosz\u0119 zadzwoni\u0107 lub przyj\u015b\u0107 um\u00f3wi\u0107 si\u0119 na wizyt\u0119.<\/p>\n","protected":false},"excerpt":{"rendered":"<p>Bezp\u0142atne badania dla dzieci i doros\u0142ych wykonywane przez specjalist\u0119 fizjoterapii. Prosz\u0119 zadzwoni\u0107 lub przyj\u015b\u0107 um\u00f3wi\u0107 si\u0119 na wizyt\u0119.<\/p>\n","protected":false},"author":1,"featured_media":0,"parent":203,"menu_order":0,"comment_status":"closed","ping_status":"closed","template":"sidebar-page.php","meta":[],"_links":{"self":[{"href":"http:\/\/www.fizjolek.pl\/index.php?rest_route=\/wp\/v2\/pages\/157"}],"collection":[{"href":"http:\/\/www.fizjolek.pl\/index.php?rest_route=\/wp\/v2\/pages"}],"about":[{"href":"http:\/\/www.fizjolek.pl\/index.php?rest_route=\/wp\/v2\/types\/page"}],"author":[{"embeddable":true,"href":"http:\/\/www.fizjolek.pl\/index.php?rest_route=\/wp\/v2\/users\/1"}],"replies":[{"embeddable":true,"href":"http:\/\/www.fizjolek.pl\/index.php?rest_route=%2Fwp%2Fv2%2Fcomments&post=157"}],"version-history":[{"count":4,"href":"http:\/\/www.fizjolek.pl\/index.php?rest_route=\/wp\/v2\/pages\/157\/revisions"}],"predecessor-version":[{"id":191,"href":"http:\/\/www.fizjolek.pl\/index.php?rest_route=\/wp\/v2\/pages\/157\/revisions\/191"}],"up":[{"embeddable":true,"href":"http:\/\/www.fizjolek.pl\/index.php?rest_route=\/wp\/v2\/pages\/203"}],"wp:attachment":[{"href":"http:\/\/www.fizjolek.pl\/index.php?rest_route=%2Fwp%2Fv2%2Fmedia&parent=157"}],"curies":[{"name":"wp","href":"https:\/\/api.w.org\/{rel}","templated":true}]}}